{"id":177,"date":"2023-10-31T11:10:48","date_gmt":"2023-10-31T11:10:48","guid":{"rendered":"https:\/\/krokpokrokuhsa.pl\/?page_id=177"},"modified":"2024-12-03T09:23:17","modified_gmt":"2024-12-03T09:23:17","slug":"odkryj-nurkowanie-hsa","status":"publish","type":"page","link":"https:\/\/krokpokrokuhsa.pl\/?page_id=177","title":{"rendered":"Wyjd\u017a z domu! Odkryj nurkowanie HSA"},"content":{"rendered":"\n<p>Jako stowarzyszenie i fundacja Krok po Kroku HSA w Pile zajmujemy si\u0119 od blisko dziesi\u0119ciu lat rehabilitacj\u0105 spo\u0142eczn\u0105 przez nurkowanie i wspieraniem aktywizacji spo\u0142eczno-zawodowej os\u00f3b z niepe\u0142nosprawno\u015bciami.<\/p>\n\n\n\n<p>W kolejnych odcinkach film\u00f3w, zrealizowanych w ramach projektu \u201eDobry. Lepszy, najlepszy\u201d, wsp\u00f3\u0142finansowanego ze \u015brodk\u00f3w PFRON b\u0119d\u0105cych w dyspozycji Samorz\u0105du Wojew\u00f3dztwa Wielkopolskiego, opowiemy o dzia\u0142a\u0144 dotycz\u0105cych promowania aktywno\u015bci os\u00f3b z niepe\u0142nosprawno\u015bciami i ich normalnego funkcjonowania w celu, likwidowania stereotyp\u00f3w, przeszk\u00f3d mentalnych i funkcjonalnych tkwi\u0105cych w spo\u0142ecze\u0144stwie. Jeste\u015b osob\u0105 z niepe\u0142nosprawno\u015bci\u0105 lub znasz tak\u0105 osob\u0119 \u2013 zapraszamy do kontaktu!<\/p>\n\n\n\n<p>W kolejnych odcinkach zobaczymy osoby z niepe\u0142nosprawno\u015bci\u0105, kt\u00f3re\u00a0do\u015bwiadczaj\u0105 stanu niewa\u017cko\u015bci pod wod\u0105, w czasie nurkowania. W p\u00f3\u0142nocnej Wielkopolsce, nad jeziorem P\u0142otki w Pile, mamy jedyn\u0105 na \u015bwiecie p\u0142ywaj\u0105c\u0105 Baz\u0119 Rehabilitacji Nurkowej HSA, gdzie uczymy osoby z niepe\u0142nosprawno\u015bci\u0105 p\u0142etwonurkowania. Dla nich zej\u015bcie pod wod\u0119 to nie tylko rehabilitacja fizyczna, ale przede wszystkim rehabilitacja spo\u0142eczna, odkrycie nowej pasji, wsparcie samodzielno\u015bci, poznanie nowych os\u00f3b i zwi\u0119kszenie pewno\u015bci siebie \u2013 kt\u00f3re prowadz\u0105 do zmiany w\u0142asnego \u017cycia przez wi\u0119ksz\u0105 aktywno\u015b\u0107 spo\u0142eczn\u0105 i zawodow\u0105!<\/p>\n\n\n\n<figure class=\"wp-block-embed is-type-video is-provider-youtube wp-block-embed-youtube wp-embed-aspect-16-9 wp-has-aspect-ratio\"><div class=\"wp-block-embed__wrapper\">\n<iframe loading=\"lazy\" title=\"Dobry Lepszy Najlepszy - odc. 1\" width=\"580\" height=\"326\" src=\"https:\/\/www.youtube.com\/embed\/1OYcQmYK4uM?feature=oembed\" frameborder=\"0\" allow=\"accelerometer; autoplay; clipboard-write; encrypted-media; gyroscope; picture-in-picture; web-share\" referrerpolicy=\"strict-origin-when-cross-origin\" allowfullscreen><\/iframe>\n<\/div><\/figure>\n\n\n\n<figure class=\"wp-block-embed is-type-video is-provider-youtube wp-block-embed-youtube wp-embed-aspect-16-9 wp-has-aspect-ratio\"><div class=\"wp-block-embed__wrapper\">\n<iframe loading=\"lazy\" title=\"Dobry Lepszy Najlepszy odc. 2\" width=\"580\" height=\"326\" src=\"https:\/\/www.youtube.com\/embed\/PNrJTRQtXWk?feature=oembed\" frameborder=\"0\" allow=\"accelerometer; autoplay; clipboard-write; encrypted-media; gyroscope; picture-in-picture; web-share\" referrerpolicy=\"strict-origin-when-cross-origin\" allowfullscreen><\/iframe>\n<\/div><\/figure>\n\n\n\n<figure class=\"wp-block-embed is-type-video is-provider-youtube wp-block-embed-youtube wp-embed-aspect-16-9 wp-has-aspect-ratio\"><div class=\"wp-block-embed__wrapper\">\n<iframe loading=\"lazy\" title=\"Dobry Lepszy Najlepszy odc. 3 - kr\u00f3tka wersja\" width=\"580\" height=\"326\" src=\"https:\/\/www.youtube.com\/embed\/8WsZowViJrc?feature=oembed\" frameborder=\"0\" allow=\"accelerometer; autoplay; clipboard-write; encrypted-media; gyroscope; picture-in-picture; web-share\" referrerpolicy=\"strict-origin-when-cross-origin\" allowfullscreen><\/iframe>\n<\/div><\/figure>\n\n\n\n<figure class=\"wp-block-embed is-type-video is-provider-youtube wp-block-embed-youtube wp-embed-aspect-16-9 wp-has-aspect-ratio\"><div class=\"wp-block-embed__wrapper\">\n<iframe loading=\"lazy\" title=\"Dobry Lepszy Najlepszy odc. 4\" width=\"580\" height=\"326\" src=\"https:\/\/www.youtube.com\/embed\/f2aWLTDo0QM?feature=oembed\" frameborder=\"0\" allow=\"accelerometer; autoplay; clipboard-write; encrypted-media; gyroscope; picture-in-picture; web-share\" referrerpolicy=\"strict-origin-when-cross-origin\" allowfullscreen><\/iframe>\n<\/div><\/figure>\n\n\n\n<figure class=\"wp-block-embed is-type-video is-provider-youtube wp-block-embed-youtube wp-embed-aspect-16-9 wp-has-aspect-ratio\"><div class=\"wp-block-embed__wrapper\">\n<iframe loading=\"lazy\" title=\"Odkryj Nurkowanie z HSA Krok po kroku (wersja PL)\" width=\"580\" height=\"326\" src=\"https:\/\/www.youtube.com\/embed\/3Pu-Z7Lynps?feature=oembed\" frameborder=\"0\" allow=\"accelerometer; autoplay; clipboard-write; encrypted-media; gyroscope; picture-in-picture; web-share\" referrerpolicy=\"strict-origin-when-cross-origin\" allowfullscreen><\/iframe>\n<\/div><\/figure>\n\n\n\n<p>Film przedstawia podstawowe elementy nurkowania, z uwzgl\u0119dnieniem potrzeb os\u00f3b z r\u00f3\u017cnego rodzajami niepe\u0142nosprawno\u015bciami. Ukazuje bohater\u00f3w jako osoby, co prawda o specjalnych potrzebach (w zakresie doboru technik nurkowania czy stosowanego sprz\u0119tu lub udzielanej pomocy), ale jako ludzi silnych i zdeterminowanych do eksploracji podwodnego \u015bwiata.<\/p>\n\n\n\n<p>By\u0107 mo\u017ce wydaje si\u0119, \u017ce nurkowanie nie jest dla os\u00f3b niepe\u0142nosprawnych. Kilkadziesi\u0105t kilogram\u00f3w sprz\u0119tu, zak\u0142adanie skafandra i maski, oddychanie pod wod\u0105, wskakiwanie i wychodzenie z wody \u2013 to wszystko s\u0105 ogromne wyzwania&#8230; Jednak nie nale\u017cy ocenia\u0107 mo\u017cliwo\u015bci na podstawie sprawno\u015bci ruchowej danej osoby na powierzchni. Woda to zupe\u0142nie inny \u015bwiat. Nurkowanie to wspania\u0142a forma fizjoterapii, kt\u00f3ra mo\u017ce sta\u0107 si\u0119 pasj\u0105 i towarzyszy\u0107 ludziom przez ca\u0142e \u017cycie.G\u0142\u00f3wne przes\u0142anie filmu to: \u201eNiezale\u017cnie od tego, jak\u0105 masz niepe\u0142nosprawno\u015b\u0107, jakie masz ograniczenia &#8211; naprawd\u0119 mo\u017cesz \u017cy\u0107 pe\u0142ni\u0105 aktywnego \u017cycia. Mo\u017ce czasami b\u0119dziemy musieli pom\u00f3c Ci w transporcie, przeniesieniu sprz\u0119tu czy organizacji zaj\u0119\u0107 dla twojej rodziny, ale umo\u017cliwimy Ci realizacj\u0119 pasji, w kontakcie z przyrod\u0105, z samodzielno\u015bci\u0105 dost\u0119pn\u0105 tylko w kosmosie lub pod wod\u0105.\u201d<br><br>Organizacja HSA zrzesza niepe\u0142nosprawnych nurk\u00f3w, instruktor\u00f3w i osoby wspieraj\u0105ce, aby umo\u017cliwi\u0107 ludziom z niepe\u0142nosprawno\u015bciami uczestnictwo w skutecznym szkoleniu, nurkowaniu a finalnie certyfikacji.<\/p>\n\n\n\n<p>My jeste\u015bmy jednym z kluczowych takich miejsc w Polsce.<\/p>\n\n\n\n<p><\/p>\n","protected":false},"excerpt":{"rendered":"<p>Jako stowarzyszenie i fundacja Krok po Kroku HSA w Pile zajmujemy si\u0119 od blisko dziesi\u0119ciu lat rehabilitacj\u0105 spo\u0142eczn\u0105 przez nurkowanie i wspieraniem aktywizacji spo\u0142eczno-zawodowej os\u00f3b z niepe\u0142nosprawno\u015bciami. W kolejnych odcinkach film\u00f3w, zrealizowanych w ramach projektu \u201eDobry. Lepszy, najlepszy\u201d, wsp\u00f3\u0142finansowanego ze \u015brodk\u00f3w PFRON b\u0119d\u0105cych w dyspozycji Samorz\u0105du Wojew\u00f3dztwa Wielkopolskiego, opowiemy o dzia\u0142a\u0144 dotycz\u0105cych promowania aktywno\u015bci os\u00f3b [&hellip;]<\/p>\n","protected":false},"author":1,"featured_media":0,"parent":0,"menu_order":0,"comment_status":"closed","ping_status":"closed","template":"","meta":{"footnotes":""},"class_list":["post-177","page","type-page","status-publish","hentry"],"_links":{"self":[{"href":"https:\/\/krokpokrokuhsa.pl\/index.php?rest_route=\/wp\/v2\/pages\/177","targetHints":{"allow":["GET"]}}],"collection":[{"href":"https:\/\/krokpokrokuhsa.pl\/index.php?rest_route=\/wp\/v2\/pages"}],"about":[{"href":"https:\/\/krokpokrokuhsa.pl\/index.php?rest_route=\/wp\/v2\/types\/page"}],"author":[{"embeddable":true,"href":"https:\/\/krokpokrokuhsa.pl\/index.php?rest_route=\/wp\/v2\/users\/1"}],"replies":[{"embeddable":true,"href":"https:\/\/krokpokrokuhsa.pl\/index.php?rest_route=%2Fwp%2Fv2%2Fcomments&post=177"}],"version-history":[{"count":6,"href":"https:\/\/krokpokrokuhsa.pl\/index.php?rest_route=\/wp\/v2\/pages\/177\/revisions"}],"predecessor-version":[{"id":280,"href":"https:\/\/krokpokrokuhsa.pl\/index.php?rest_route=\/wp\/v2\/pages\/177\/revisions\/280"}],"wp:attachment":[{"href":"https:\/\/krokpokrokuhsa.pl\/index.php?rest_route=%2Fwp%2Fv2%2Fmedia&parent=177"}],"curies":[{"name":"wp","href":"https:\/\/api.w.org\/{rel}","templated":true}]}}