{"id":183,"date":"2024-05-29T20:08:55","date_gmt":"2024-05-29T20:08:55","guid":{"rendered":"https:\/\/krokpokrokuhsa.pl\/?page_id=183"},"modified":"2024-05-29T20:10:55","modified_gmt":"2024-05-29T20:10:55","slug":"fundacja","status":"publish","type":"page","link":"https:\/\/krokpokrokuhsa.pl\/?page_id=183","title":{"rendered":"Fundacja"},"content":{"rendered":"\n<p class=\"has-text-align-center\"><strong>OG\u0141OSZENIE O OTWARTYM NABORZE PARTNERA <\/strong><br><strong>W CELU WSP\u00d3LNEJ<br>REALIZACJI PROJEKTU<\/strong><\/p>\n\n\n\n<p><strong>Og\u0142aszaj\u0105cy konkurs:<\/strong><\/p>\n\n\n\n<p>FUNDACJA KROK PO KROKU HSA<br><br><\/p>\n\n\n\n<p><strong>PODSTAWA PRAWNA<\/strong><\/p>\n\n\n\n<p>Na podstawie art. 39 ustawy z dnia 28 kwietnia 2022 r. o zasadach realizacji zada\u0144 ze \u015brodk\u00f3w europejskich w perspektywie finansowej na lata 2021-2027 (Dz. U. 2022 r. poz. 1079), zwanej dalej ustaw\u0105 wdro\u017ceniow\u0105, &nbsp;Fundacja Krok po Kroku HSA og\u0142asza otwarty nab\u00f3r na partnera spoza sektora finans\u00f3w publicznych \u2013 organizacje pozarz\u0105dowe, o kt\u00f3rych mowa w art. 3 ust. 3 ustawy z dnia 24 kwietnia 2003 r. o dzia\u0142alno\u015bci po\u017cytku publicznego i o wolontariacie w celu wsp\u00f3lnej realizacji projektu &nbsp;z zakresu budowy i wyposa\u017cenia oraz utworzenia infrastruktury spo\u0142ecznej przyczyniaj\u0105cej si\u0119 do w\u0142\u0105czenia spo\u0142ecznego, dotyczy naboru nr FEWP.05.02-IZ.00-002\/24.<\/p>\n\n\n\n<p>Nab\u00f3r partnera jest prowadzony w celu wsp\u00f3lnej realizacji projektu z zakresu infrastruktury spo\u0142ecznej przyczyniaj\u0105cej si\u0119 do w\u0142\u0105czenia spo\u0142ecznego. Informacja na temat konkursu oraz Regulamin Konkursu dost\u0119pne na stronie:<br><a href=\"https:\/\/wrpo.wielkopolskie.pl\/nabory\/509\"><strong>https:\/\/wrpo.wielkopolskie.pl\/nabory\/509<\/strong><\/a><strong><\/strong><\/p>\n\n\n\n<p><strong>CEL PARTNERSTWA<\/strong>:<br>Wsp\u00f3lna realizacja projektu pn. \u201e &#8222;Centrum Integracji W\u0141\u0104CZNIK &#8211; budowa\u00a0i wyposa\u017cenie obiektu infrastruktury spo\u0142ecznej dla cel\u00f3w \u015bwiadczenia us\u0142ug reintegracji spo\u0142ecznej i zawodowej\u00a0 (w formie zdeinstytucjonalizowanej) os\u00f3b zagro\u017conych wykluczeniem spo\u0142ecznym (zwany dalej W\u0141\u0104CZNIK), pod warunkiem uzyskania dofinansowania w ramach naboru nr FEWP.05.02-IZ.00-002\/24.<\/p>\n\n\n\n<p>Projekt b\u0119dzie realizowany na terenie wojew\u00f3dztwa wielkopolskiego, a dok\u0142adniej na terenie powiatu pilskiego, gminy Pi\u0142a. \u00a0Poza podmiotem wy\u0142onionym w ramach niniejszego konkursu, Partnerem wiod\u0105cym projektu jest Fundacja Krok po Kroku HSA oraz pozosta\u0142ymi partnerami b\u0119d\u0105 Gmina Pi\u0142a oraz Powiat Pilski (partnerstwo\u00a0w trakcie organizacji).<\/p>\n\n\n\n<p>Celem projektu &nbsp;jest budowa infrastruktury spo\u0142ecznej \u201eCentrum Integracji W\u0141\u0104CZNIK\u201d wraz z wyposa\u017ceniem, w tym z komor\u0105 normobaryczn\u0105 dla tworzenia i funkcjonowania regionalnej infrastruktury spo\u0142ecznej na potrzeby realizacji us\u0142ug \u015brodowiskowych. Obiekt b\u0119dzie s\u0142u\u017cy\u0142 do \u015bwiadczenia us\u0142ug reintegracji spo\u0142ecznej i zawodowej os\u00f3b zagro\u017conych wykluczeniem spo\u0142ecznym, czyli grupy docelowej na rzecz kt\u00f3rej dzia\u0142ani Fundacja Krok po Kroku HSA (typ projekt\u00f3w nr 1 zawarty w Regulaminie Konkursu)<\/p>\n\n\n\n<p><strong>ZAKRES PARTNERSTWA:<br><\/strong>Szczeg\u00f3\u0142owy zakres wsp\u00f3\u0142pracy wypracowany zostanie na etapie budowy koncepcji projektu, zostanie zawarty we wniosku o dofinansowanie projektu, kt\u00f3ry b\u0119dzie z\u0142o\u017cony w ramach ww. konkursu.<\/p>\n\n\n\n<p>Grup\u0105 docelow\u0105, kt\u00f3ra b\u0119dzie korzysta\u0142a z \u201eCentrum Intergracji W\u0141\u0104CZNIK\u201d b\u0119d\u0105 osoby zagro\u017cone wykluczeniem spo\u0142ecznym, w tym osoby z niepe\u0142nosprawno\u015bciami.<br>Oczekuje si\u0119, \u017ce partner wniesie niezb\u0119dny Know-How, w zakresie pracy z grup\u0105 docelow\u0105 projektu, wyka\u017ce si\u0119 do\u015bwiadczeniem i znajomo\u015bci\u0105 obszaru tematycznego projektu, co przyczyni si\u0119 do osi\u0105gni\u0119cia cel\u00f3w i wska\u017anik\u00f3w projektu.<\/p>\n\n\n\n<p>Zakres dzia\u0142a\u0144 mo\u017cliwych do realizacji przez Partnera obejmuje:<\/p>\n\n\n\n<p>&#8211; okre\u015blanie potrzeb oraz opiniowanie rozwi\u0105za\u0144 w zakresie dostosowania obiekt\u00f3w oraz wyposa\u017cenia do potrzeb os\u00f3b ze specjalnymi potrzebami (r\u00f3\u017cne rodzaje niepe\u0142nosprawno\u015bci),<\/p>\n\n\n\n<p>&#8211; wsparcie w zakresie opracowania zasad korzystania z obiektu z uwzgl\u0119dnieniem specyfiki prowadzenia zaj\u0119\u0107 dla os\u00f3b ze specjalnymi potrzebami (regulaminy, procedury itp.),<\/p>\n\n\n\n<p>Celem wsp\u00f3\u0142pracy jest g\u0142\u00f3wnie wymiana do\u015bwiadcze\u0144 maj\u0105cych na celu zwi\u0119kszenie efektywno\u015bci zaplanowanych w projekcie rozwi\u0105za\u0144.<\/p>\n\n\n\n<p><br>Partner wiod\u0105cy zawrze umow\u0119 partnersk\u0105 z wy\u0142onionym partnerem, kt\u00f3rej zakres zosta\u0142 wskazany punkcie J. Regulaminu Konkursu \u201ePartnerstwo\u201d.\u00a0 Zgodnie z\u00a0za\u0142o\u017ceniami konkursu Partner b\u0119dzie zaanga\u017cowany w realizacj\u0119 ca\u0142ego projektu, co oznacza, \u017ce uczestniczy\u0142 b\u0119dzie r\u00f3wnie\u017c w przygotowaniu wniosku o dofinansowanie i zarz\u0105dzaniu projektem, przy czym mo\u017ce uczestniczy\u0107 w realizacji<br>tylko cz\u0119\u015bci zada\u0144 w projekcie. Oczekuje si\u0119, \u017ce partner wniesie do projektu zasoby ludzkie, organizacyjne, techniczne oraz niezb\u0119dny Know-How, w zakresie pracy z grup\u0105 docelow\u0105 projektu, a tak\u017ce wyka\u017ce si\u0119 do\u015bwiadczeniem i znajomo\u015bci\u0105 obszaru tematycznego projektu, co przyczyni si\u0119 do osi\u0105gni\u0119cia cel\u00f3w i wska\u017anik\u00f3w projektu.<br><\/p>\n\n\n\n<p><strong>KRYTERIA WYBORU PARTNERA:<\/strong><br>1. Kryteria dost\u0119pu:<br>Do konkursu mog\u0105 przyst\u0105pi\u0107 podmioty, kt\u00f3re \u0142\u0105cznie spe\u0142niaj\u0105 wymogi:<\/p>\n\n\n\n<p>a) posiadaj\u0105 status organizacji pozarz\u0105dowej, o kt\u00f3rych mowa w art. 3 ust. 3 ustawy z dnia 24 kwietnia 2003 r. o dzia\u0142alno\u015bci po\u017cytku publicznego i o wolontariacie;<br>b) Prowadz\u0105 dzia\u0142alno\u015b\u0107 statutow\u0105 na rzecz os\u00f3b zagro\u017conych wykluczeniem spo\u0142ecznym, w tym os\u00f3b niepe\u0142nosprawnych i ze szczeg\u00f3lnymi potrzebami;<br>c) Nie zalegaj\u0105 z uiszczaniem wobec Urz\u0119du Skarbowego oraz Zak\u0142adu<br>Ubezpiecze\u0144 Spo\u0142ecznych podatk\u00f3w, op\u0142at lub sk\u0142adek na ubezpieczenia spo\u0142eczne lub zdrowotne, z wyj\u0105tkiem przypadk\u00f3w gdy podmiot uzyska\u0142 przewidziane prawem zwolnienie, odroczenie, roz\u0142o\u017cenie na raty zaleg\u0142ych p\u0142atno\u015bci lub wstrzymanie w ca\u0142o\u015bci wykonania decyzji w\u0142a\u015bciwego organu;<br>d) Nie podlegaj\u0105 wykluczeniu z ubiegania si\u0119 o dofinansowanie na podstawie art. 207 ust. 4 ustawy z 21 czerwca 2013 r. o finansach publicznych, z zastrze\u017ceniem art. 207 ust. 7 tej Ustawy;<br>e) Posiadaj\u0105 potencja\u0142 kadrowy, organizacyjny i finansowy umo\u017cliwiaj\u0105cy<br>realizacj\u0119 projektu w zakresie zada\u0144 partnera, potwierdzony udokumentowanymi obrotami finansowymi w okresie ostatnich trzech lat;<br>f) Deklaruj\u0105 uczestnictwo w realizacji projektu na wszystkich etapach;<br>g) Deklaruj\u0105 dyspozycyjno\u015b\u0107 do dzia\u0142a\u0144 na terenie wojew\u00f3dztwa wielkopolskiego,<br>w szczeg\u00f3lno\u015bci powiatu pilskiego \u2013 Gminy Pi\u0142a w okresie realizacji i rozliczania projektu;<br>h) Jeden podmiot mo\u017ce z\u0142o\u017cy\u0107 tylko jedn\u0105 ofert\u0119.<\/p>\n\n\n\n<p>2. Kryteria punktowe:<br>Przy wyborze partnera ocenione zostanie:<br>a) zgodno\u015b\u0107 dzia\u0142ania (profilu dzia\u0142alno\u015bci) potencjalnego partnera z celami partnerstwa \u2013 max 10 pkt.<br>b) do\u015bwiadczenie potencjalnego partnera w realizacji projekt\u00f3w o podobnym charakterze: max 30 pkt.:<br>\u2212 na rzecz grupy docelowej, do kt\u00f3rej kierowane jest wsparcie w ramach projektu \u2013 17 pkt.<br>\u2212 w obszarze, w kt\u00f3rym udzielane b\u0119dzie wsparcie w ramach projektu \u2013 13 pkt.<br>c) deklarowany wk\u0142ad potencjalnego partnera niezb\u0119dny do realizacji zg\u0142aszanych do projektu dzia\u0142a\u0144 i celu partnerstwa \u2013 max 20 pkt.:<br>\u2212 potencja\u0142 ludzki \u2013 kadrowy\/merytoryczny \u2013 10 pkt,<br>\u2212 potencja\u0142 organizacyjny \u2013 8 pkt,<br>\u2212 potencja\u0142 techniczny \u2013 2 pkt,<br>*opis do\u015bwiadczenia i kwalifikacji kadry w zakresie realizacji projekt\u00f3w \u2013 kopie certyfikat\u00f3w oraz referencje.<br>d) proponowany przez potencjalnego partnera zakres merytoryczny dzia\u0142a\u0144 w projekcie \u2013 max 40 pkt.<br><br>SPOS\u00d3B PRZYGOTOWANIA I Z\u0141O\u017bENIA OFERTY<br>Ofert\u0119 wraz z ewentualnymi za\u0142\u0105cznikami nale\u017cy przedstawi\u0107 w j\u0119zyku polskim w formie pisemnej.<br>Oferta powinna zawiera\u0107 wszystkie niezb\u0119dne informacje zgodnie z wymaganiami wobec partnera i zakresu oferty okre\u015blonymi w niniejszym og\u0142oszeniu.<br>Oferta oraz wszystkie dokumenty sk\u0142adane w ramach konkursu powinny by\u0107 podpisane przez osob\u0119\/osoby upowa\u017cnion\u0105 do reprezentowania podmiotu sk\u0142adaj\u0105cego ofert\u0119, zgodnie z zasad\u0105 reprezentacji wynikaj\u0105c\u0105 z postanowie\u0144 odpowiednich przepis\u00f3w prawnych lub prawid\u0142owo spisanego pe\u0142nomocnictwa<br>(pe\u0142nomocnictwo nale\u017cy do\u0142\u0105czy\u0107 do oferty).<br>Oferta powinna by\u0107 podpisana w spos\u00f3b umo\u017cliwiaj\u0105cy identyfikacj\u0119 osoby sk\u0142adaj\u0105cej podpis (np. czytelny podpis sk\u0142adaj\u0105cy si\u0119 z pe\u0142nego imienia i nazwiska lub podpis nieczytelny opatrzony piecz\u0119ci\u0105 imienn\u0105).<br><br>Do oferty nale\u017cy za\u0142\u0105czy\u0107:<br>a) Aktualny odpis z w\u0142a\u015bciwego rejestru, np. KRS.<br>b) Statut podmiotu (o ile posiada).<br>c) O\u015bwiadczenie podmiotu potwierdzaj\u0105ce, \u017ce podmiot nie zalega z op\u0142aceniem sk\u0142adek na ubezpieczenie zdrowotne i spo\u0142eczne.<br>d) O\u015bwiadczenie podmiotu potwierdzaj\u0105ce, \u017ce podmiot nie zalega z op\u0142acaniem podatk\u00f3w.<br>e) O\u015bwiadczenie podmiotu sk\u0142adaj\u0105cego ofert\u0119 potwierdzaj\u0105ce, \u017ce \u017cadna z os\u00f3b zarz\u0105dzaj\u0105cych podmiotem nie by\u0142a prawomocnie skazana za przest\u0119pstwo przekupstwa, przest\u0119pstwo przeciwko obrotowi gospodarczemu lub inne przest\u0119pstwo w celu osi\u0105gni\u0119cia korzy\u015bci maj\u0105tkowych, a tak\u017ce przest\u0119pstwo skarbowe lub przest\u0119pstwo udzia\u0142u w zorganizowanej grupie albo zwi\u0105zku maj\u0105cych na celu pope\u0142nienie przest\u0119pstwa lub przest\u0119pstwa skarbowego.<br>f) O\u015bwiadczenie podmiotu sk\u0142adaj\u0105cego ofert\u0119 o gotowo\u015bci wniesienia<br>zabezpieczenia prawid\u0142owej realizacji umowy partnerskiej zgodnie z zasadami okre\u015blonymi w dokumentach programowych. Przyk\u0142adowe formy wniesienia zabezpieczenia prawid\u0142owej realizacji umowy partnerskiej to: weksel, por\u0119czenie bankowe, gwarancja ubezpieczeniowe, gwarancja bankowa, zastaw rejestrowy.<\/p>\n\n\n\n<p>Spo\u015br\u00f3d z\u0142o\u017conych ofert wybrana zostanie jedna, kt\u00f3ra spe\u0142ni wszystkie wymogi formalne i uzyska najwy\u017csz\u0105 sum\u0119 punkt\u00f3w z kryteri\u00f3w punktowych, przyznanych przez cz\u0142onk\u00f3w Komisji Konkursowej. Wybranemu Podmiotowi Og\u0142aszaj\u0105cy konkurs zaoferuje zawarcie umowy partnerskiej.<\/p>\n\n\n\n<p>VI. TERMIN, MIEJSCE I SPOS\u00d3B SK\u0141ADANIA OFERT:<br>Ofert\u0119 wraz z za\u0142\u0105cznikami nale\u017cy przedstawi\u0107 w j\u0119zyku polskim w formie pisemnej.<br>Ofert\u0119 wraz z za\u0142\u0105cznikami nale\u017cy dostarczy\u0107 w jednym egzemplarzu w zaklejonej<br>kopercie osobi\u015bcie, listownie lub elektronicznie na adres:<br>Fundacja Krok po Kroku HSA<br>aleja Niepodleg\u0142o\u015bci &nbsp;98 c, 64-920 Pi\u0142a<br>adres email: <a href=\"mailto:projekty.krokpokroku@gmail.com\">projekty.krokpokroku@gmail.com<\/a><\/p>\n\n\n\n<p>z adnotacj\u0105: \u201eKONKURS NA WYB\u00d3R PARTNERA W CELU WSP\u00d3LNEJ REALIZACJI PROJEKTU. Nie otwiera\u0107 przed 20.06.2024r.\u201d<br>Ofert\u0119 nale\u017cy z\u0142o\u017cy\u0107 w terminie do dnia 19.06.2024 roku do godz. 15:30. Decyduje data wp\u0142ywu oferty do jednostki Fundacji Krok po Kroku HSA, kt\u00f3re wp\u0142yn\u0105 po tym terminie nie b\u0119d\u0105 rozpatrywane.<\/p>\n\n\n\n<p><br>Po up\u0142ywie terminu sk\u0142adania ofert, Komisja Konkursowa dokona ich otwarcia, a nast\u0119pnie przeprowadzi czynno\u015bci badania i oceny z\u0142o\u017conych ofert w celu wyboru oferty najkorzystniejszej\/ych.<\/p>\n\n\n\n<p><br>Wszelkie pytania zwi\u0105zane z prowadzonym naborem nale\u017cy kierowa\u0107 w formie pisemnej na adres: Fundacji Krok po Kroku HSA, aleja Niepodleg\u0142o\u015bci 98 c, 64-920 Pi\u0142a lub mailowo: <a href=\"mailto:projekty.krokpokroku@gmail.com\">projekty.krokpokroku@gmail.com<\/a><\/p>\n\n\n\n<p><strong>VII. PROCEDURA ODWO\u0141AWCZA:<br><\/strong>Od decyzji o rozstrzygni\u0119ciu niniejszego konkursu, podmioty, kt\u00f3re wezm\u0105 w nim udzia\u0142, nie b\u0119d\u0105 mia\u0142y mo\u017cliwo\u015b\u0107 wniesienia odwo\u0142ania.<br><br><strong>VIII. DODATKOWE INFORMACJE:<br><\/strong>W przypadku wyst\u0105pienia przyczyn skutkuj\u0105cych brakiem mo\u017cliwo\u015bci zawarcia umowy partnerskiej z wybranym w drodze niniejszego konkursu podmiotem, Og\u0142aszaj\u0105cy konkurs zastrzega sobie prawo zawarcia umowy partnerskiej z podmiotem, kt\u00f3rego oferta uzyska\u0142a drug\u0105 w kolejno\u015bci najwy\u017csz\u0105 liczb\u0119 punkt\u00f3w.<br>Og\u0142aszaj\u0105cy zastrzega sobie prawo do negocjowania warunk\u00f3w realizacji partnerstwa, rozstrzygni\u0119cia niniejszego konkursu bez wyboru \u017cadnego z oferent\u00f3w, jaki i do uniewa\u017cnienia konkursu w ka\u017cdej chwili bez podania przyczyn.<\/p>\n\n\n\n<p>Og\u0142aszaj\u0105cy zastrzega sobie prawo rozwi\u0105zania partnerstwa zawi\u0105zanego z wybranym oferentem w przypadku niez\u0142o\u017cenia projektu w konkursie. W razie wyst\u0105pienia istotnej zmiany okoliczno\u015bci, powoduj\u0105cej, \u017ce wy\u0142onienie partnera nie le\u017cy w interesie publicznym, czego nie mo\u017cna by\u0142o przewidzie\u0107, w chwili og\u0142aszania konkursu, og\u0142aszaj\u0105cy konkurs mo\u017ce uniewa\u017cni\u0107 post\u0119powanie konkursowe.<\/p>\n\n\n\n<p>Og\u0142aszaj\u0105cy konkurs mo\u017ce odst\u0105pi\u0107 od podpisania umowy partnerskiej, je\u017celi \u015brodki z Unii Europejskiej, kt\u00f3re og\u0142aszaj\u0105cy konkurs zamierza\u0142 uzyska\u0107 na realizacj\u0119 projektu partnerskiego, zgodnie z celem partnerstwa, nie zosta\u0142y mu przyznane<\/p>\n\n\n\n<div class=\"wp-block-file\"><a id=\"wp-block-file--media-10467e25-7118-4c60-9a11-6cb5701496eb\" href=\"https:\/\/krokpokrokuhsa.pl\/wp-content\/uploads\/2024\/05\/Ogloszenie_o_naborze_partnera_VER_do-zamieszczenia.docx\">Tre\u015b\u0107 do pobrania (dokument WORD)<\/a><a href=\"https:\/\/krokpokrokuhsa.pl\/wp-content\/uploads\/2024\/05\/Ogloszenie_o_naborze_partnera_VER_do-zamieszczenia.docx\" class=\"wp-block-file__button wp-element-button\" download aria-describedby=\"wp-block-file--media-10467e25-7118-4c60-9a11-6cb5701496eb\">Pobierz<\/a><\/div>\n","protected":false},"excerpt":{"rendered":"<p>OG\u0141OSZENIE O OTWARTYM NABORZE PARTNERA W CELU WSP\u00d3LNEJREALIZACJI PROJEKTU Og\u0142aszaj\u0105cy konkurs: FUNDACJA KROK PO KROKU HSA PODSTAWA PRAWNA Na podstawie art. 39 ustawy z dnia 28 kwietnia 2022 r. o zasadach realizacji zada\u0144 ze \u015brodk\u00f3w europejskich w perspektywie finansowej na lata 2021-2027 (Dz. U. 2022 r. poz. 1079), zwanej dalej ustaw\u0105 wdro\u017ceniow\u0105, &nbsp;Fundacja Krok po [&hellip;]<\/p>\n","protected":false},"author":1,"featured_media":0,"parent":0,"menu_order":0,"comment_status":"closed","ping_status":"closed","template":"","meta":{"footnotes":""},"class_list":["post-183","page","type-page","status-publish","hentry"],"_links":{"self":[{"href":"https:\/\/krokpokrokuhsa.pl\/index.php?rest_route=\/wp\/v2\/pages\/183","targetHints":{"allow":["GET"]}}],"collection":[{"href":"https:\/\/krokpokrokuhsa.pl\/index.php?rest_route=\/wp\/v2\/pages"}],"about":[{"href":"https:\/\/krokpokrokuhsa.pl\/index.php?rest_route=\/wp\/v2\/types\/page"}],"author":[{"embeddable":true,"href":"https:\/\/krokpokrokuhsa.pl\/index.php?rest_route=\/wp\/v2\/users\/1"}],"replies":[{"embeddable":true,"href":"https:\/\/krokpokrokuhsa.pl\/index.php?rest_route=%2Fwp%2Fv2%2Fcomments&post=183"}],"version-history":[{"count":3,"href":"https:\/\/krokpokrokuhsa.pl\/index.php?rest_route=\/wp\/v2\/pages\/183\/revisions"}],"predecessor-version":[{"id":189,"href":"https:\/\/krokpokrokuhsa.pl\/index.php?rest_route=\/wp\/v2\/pages\/183\/revisions\/189"}],"wp:attachment":[{"href":"https:\/\/krokpokrokuhsa.pl\/index.php?rest_route=%2Fwp%2Fv2%2Fmedia&parent=183"}],"curies":[{"name":"wp","href":"https:\/\/api.w.org\/{rel}","templated":true}]}}