{"id":61,"date":"2020-04-26T18:53:40","date_gmt":"2020-04-26T16:53:40","guid":{"rendered":"https:\/\/krokpokrokuhsa.pl\/?page_id=61"},"modified":"2024-09-25T06:29:45","modified_gmt":"2024-09-25T06:29:45","slug":"plywajaca-baza-nurkowa-i-rehabilitacyjna-2","status":"publish","type":"page","link":"https:\/\/krokpokrokuhsa.pl\/?page_id=61","title":{"rendered":"<strong>P\u0142ywaj\u0105ca Baza Rehabilitacji Nurkowej<\/strong>"},"content":{"rendered":"\n<p><\/p>\n\n\n\n<iframe loading=\"lazy\" src=\"https:\/\/www.google.com\/maps\/embed?pb=!1m18!1m12!1m3!1d2391.119706444392!2d16.824810515363374!3d53.17983247994442!2m3!1f0!2f0!3f0!3m2!1i1024!2i768!4f13.1!3m3!1m2!1s0x0%3A0x0!2zNTPCsDEwJzQ3LjQiTiAxNsKwNDknMzcuMiJF!5e0!3m2!1spl!2spl!4v1587919792530!5m2!1spl!2spl\" style=\"border:0;\" allowfullscreen=\"\" aria-hidden=\"false\" tabindex=\"0\" width=\"200\" height=\"50\" frameborder=\"0\"><\/iframe>\n\n\n\n<p><strong>Od roku 2020 Stowarzyszenie Krok po kroku HSA prowadzi zaj\u0119cia na nowej i wyj\u0105tkowej p\u0142ywaj\u0105cej Bazie Rehabilitacji Nurkowej na jeziorze P\u0142otki (P\u0142ocie) w Pile. G\u0142\u00f3wnym celem tego wyj\u0105tkowego miejsca jest oczywi\u015bcie rehabilitacja spo\u0142eczna i ruchowa poprzez nurkowanie os\u00f3b z r\u00f3\u017cnymi niepe\u0142nosprawno\u015bciami.<\/strong> Prowadzi ona do przywr\u00f3cenia nadziei i rado\u015bci w \u017cyciu, do nowego zdefiniowania os\u00f3b z wrodzon\u0105, b\u0105d\u017a nabyt\u0105 w chorobie lub wypadkach niepe\u0142nosprawno\u015bci\u0105. Stowarzyszenie prowadzi programy rehabilitacyjne i jest producentem pierwszego na \u015bwiecie filmu instrukta\u017cowego nurkowania, w kt\u00f3rym aktorami byli nurkowie Stowarzyszenia. Pomys\u0142odawcami powstania bazy jest tr\u00f3jka przyjaci\u00f3\u0142 &#8211; Krzysztof Trawi\u0144ski, Grzegorz Marciniak i Pawe\u0142 M. Owsianny, kt\u00f3rzy swoim entuzjazmem&nbsp; do nurkowania i spo\u0142ecznym zaanga\u017cowaniem zainspirowali wiele os\u00f3b, by ta wspania\u0142a przestrze\u0144 wsparcia spo\u0142ecznego mog\u0142a zosta\u0107 wsp\u00f3lnie stworzona.<\/p>\n\n\n\n<p><strong>Baza Rehabilitacji Nurkowej jest w pe\u0142ni przygotowana i dostosowana do os\u00f3b z niepe\u0142nosprawno\u015bci\u0105.<\/strong> W cz\u0119\u015bci p\u0142ywaj\u0105cego budynku posiada cz\u0119\u015b\u0107 \u201emokr\u0105\u201d ogrzewan\u0105, ze sprz\u0119tem nurkowym i ca\u0142orocznym wewn\u0119trznym zej\u015bciem do wody. W cz\u0119\u015bci \u201esuchej\u201d Baza dysponuje sal\u0105 szkoleniowo-wytchnieniow\u0105 oraz stref\u0105 sanitarn\u0105. Na zewn\u0105trz posiadamy du\u017cy p\u0142ywaj\u0105cy pomost z zej\u015bciem do wody ze stref\u0105 \u201esztucznego dna\u201d o regulowanej g\u0142\u0119boko\u015bci, zapewniaj\u0105cym komfort \u0107wicze\u0144 w wodach basenopodobnych. Baza jest dost\u0119pna tak\u017ce dla nurk\u00f3w rekreacyjnych.<\/p>\n\n\n\n<figure class=\"wp-block-gallery has-nested-images columns-2 is-cropped wp-block-gallery-1 is-layout-flex wp-block-gallery-is-layout-flex\">\n<figure class=\"wp-block-image size-large\"><img decoding=\"async\" data-id=\"63\" src=\"https:\/\/krokpokrokuhsa.pl\/wp-content\/uploads\/2020\/04\/baza-1-1024x436.jpg\" alt=\"\" class=\"wp-image-63\"\/><\/figure>\n<\/figure>\n\n\n\n<figure class=\"wp-block-embed is-type-video is-provider-youtube wp-block-embed-youtube wp-embed-aspect-16-9 wp-has-aspect-ratio\"><div class=\"wp-block-embed__wrapper\">\n<iframe loading=\"lazy\" title=\"TV ASTA: Baza nurkowa dla niepe\u0142nosprawnych\" width=\"580\" height=\"326\" src=\"https:\/\/www.youtube.com\/embed\/a4ZvDX2VPgY?feature=oembed\" frameborder=\"0\" allow=\"accelerometer; autoplay; clipboard-write; encrypted-media; gyroscope; picture-in-picture; web-share\" referrerpolicy=\"strict-origin-when-cross-origin\" allowfullscreen><\/iframe>\n<\/div><\/figure>\n\n\n\n<figure class=\"wp-block-gallery has-nested-images columns-default is-cropped wp-block-gallery-2 is-layout-flex wp-block-gallery-is-layout-flex\">\n<figure class=\"wp-block-image size-large\"><img loading=\"lazy\" decoding=\"async\" width=\"800\" height=\"600\" data-id=\"119\" src=\"https:\/\/krokpokrokuhsa.pl\/wp-content\/uploads\/2023\/03\/01.png\" alt=\"\" class=\"wp-image-119\" srcset=\"https:\/\/krokpokrokuhsa.pl\/wp-content\/uploads\/2023\/03\/01.png 800w, https:\/\/krokpokrokuhsa.pl\/wp-content\/uploads\/2023\/03\/01-300x225.png 300w, https:\/\/krokpokrokuhsa.pl\/wp-content\/uploads\/2023\/03\/01-768x576.png 768w\" sizes=\"auto, (max-width: 800px) 100vw, 800px\" \/><\/figure>\n\n\n\n<figure class=\"wp-block-image size-large\"><img loading=\"lazy\" decoding=\"async\" width=\"1024\" height=\"575\" data-id=\"121\" src=\"https:\/\/krokpokrokuhsa.pl\/wp-content\/uploads\/2023\/03\/02-1024x575.png\" alt=\"\" class=\"wp-image-121\" srcset=\"https:\/\/krokpokrokuhsa.pl\/wp-content\/uploads\/2023\/03\/02-1024x575.png 1024w, https:\/\/krokpokrokuhsa.pl\/wp-content\/uploads\/2023\/03\/02-300x169.png 300w, https:\/\/krokpokrokuhsa.pl\/wp-content\/uploads\/2023\/03\/02-768x431.png 768w, https:\/\/krokpokrokuhsa.pl\/wp-content\/uploads\/2023\/03\/02.png 1068w\" sizes=\"auto, (max-width: 1024px) 100vw, 1024px\" \/><\/figure>\n\n\n\n<figure class=\"wp-block-image size-large\"><img loading=\"lazy\" decoding=\"async\" width=\"800\" height=\"600\" data-id=\"118\" src=\"https:\/\/krokpokrokuhsa.pl\/wp-content\/uploads\/2023\/03\/03.jpg\" alt=\"\" class=\"wp-image-118\" srcset=\"https:\/\/krokpokrokuhsa.pl\/wp-content\/uploads\/2023\/03\/03.jpg 800w, https:\/\/krokpokrokuhsa.pl\/wp-content\/uploads\/2023\/03\/03-300x225.jpg 300w, https:\/\/krokpokrokuhsa.pl\/wp-content\/uploads\/2023\/03\/03-768x576.jpg 768w\" sizes=\"auto, (max-width: 800px) 100vw, 800px\" \/><\/figure>\n\n\n\n<figure class=\"wp-block-image size-large\"><img loading=\"lazy\" decoding=\"async\" width=\"800\" height=\"600\" data-id=\"120\" src=\"https:\/\/krokpokrokuhsa.pl\/wp-content\/uploads\/2023\/03\/04.png\" alt=\"\" class=\"wp-image-120\" srcset=\"https:\/\/krokpokrokuhsa.pl\/wp-content\/uploads\/2023\/03\/04.png 800w, https:\/\/krokpokrokuhsa.pl\/wp-content\/uploads\/2023\/03\/04-300x225.png 300w, https:\/\/krokpokrokuhsa.pl\/wp-content\/uploads\/2023\/03\/04-768x576.png 768w\" sizes=\"auto, (max-width: 800px) 100vw, 800px\" \/><\/figure>\n<\/figure>\n\n\n\n<p>Obiekt znajduje si\u0119 na jeziorze P\u0142otki, w granicach obszaru Specjalnego Obszaru Ochrony Siedlisk <strong>Natura 2000<\/strong> <strong>\u201eOstoja Pilska\u201d<\/strong>. Jezioro P\u0142otki jest najbardziej obleganym obiektem rekreacji wodnej w p\u00f3\u0142nocnej Wielkopolsce. Jezioro nale\u017cy do grupy twardowodnych oligo\u2013 i mezotroficznych zbiornik\u00f3w z podwodnymi \u0142\u0105kami ramienic Charetea (kod siedliska Natura 2000: 3140). W zbiorniku wodnym wyst\u0119puj\u0105 cenne przyrodniczo siedliska oraz gatunki ro\u015blin i zwierz\u0105t warunkuj\u0105ce jego czyst\u0105 wod\u0119 i stanowi\u0105ce o jego bior\u00f3\u017cnorodno\u015bci.<\/p>\n\n\n\n<p>Opr\u00f3cz nurk\u00f3w z p\u0142ywaj\u0105cej bazy korzystaj\u0105 tak\u017ce pracownicy i studenci <strong>Nadnoteckiego Instytutu UAM w Pile<\/strong>. Dzi\u0119ki wsp\u00f3\u0142pracy Stowarzyszenia z pilsk\u0105 fili\u0105 Uniwersytetu im. Adama Mickiewicza w Poznaniu oraz Miastem Pi\u0142a \u2013 <strong>pe\u0142ni rol\u0119 stacji monitoringowej i dydaktycznej<\/strong>. Obserwacji poddawane s\u0105 organizmy \u015brodowiska wodnego i problemy hydrologiczne, w tym fakt obni\u017cania si\u0119 poziomu lustra wody, czy aspekty zagospodarowania turystycznego jeziora. Jezioro P\u0142otki jest obiektem testowym zmian klimatycznych.<\/p>\n\n\n\n<p><\/p>\n\n\n\n<p><strong>CENNIK US\u0141UG BAZY REHABILITACJI NURKOWEJ<\/strong><\/p>\n\n\n\n<p>(ceny brutto tj. z podatkiem VAT)<\/p>\n\n\n\n<p>Wynajem obiektu Bazy:<\/p>\n\n\n\n<ul class=\"wp-block-list\">\n<li>pierwsza godzina \u2013 400 z\u0142,\u00a0<\/li>\n<\/ul>\n\n\n\n<ul class=\"wp-block-list\">\n<li>kolejne godziny &#8211; \u00a0300 z\u0142\/h\u00a0<\/li>\n<\/ul>\n\n\n\n<ul class=\"wp-block-list\">\n<li>wynajem na ca\u0142\u0105 dob\u0119 \u2013 3 000 z\u0142.<\/li>\n<\/ul>\n\n\n\n<p>Z Bazy mo\u017ce korzysta\u0107 maksimum 10 os\u00f3b. Cena obejmuje korzystanie z otwartego pok\u0142adu jak i strefy mokrej, suchej i toalety.<\/p>\n\n\n\n<p>W trybie indywidualnym mo\u017cliwe nurkowanie pojedynczych os\u00f3b \u2013 cena za nurkowanie 300 z\u0142\/os, pobyt osoby towarzysz\u0105cej 50 z\u0142\/os, limit czasu przebywania na bazie 2h.<\/p>\n\n\n\n<p>Us\u0142ugi dodatkowe \/ Dop\u0142aty:<\/p>\n\n\n\n<ul class=\"wp-block-list\">\n<li>us\u0142uga asystenta 200 z\u0142\/h \/ obs\u0142uga nurkowania nocnego \u2013 300 z\u0142\/h<\/li>\n\n\n\n<li>us\u0142uga instruktora\/przewodnika 250z\u0142\/h<\/li>\n\n\n\n<li>wynajem sprz\u0119tu pianka &#8211; 40<\/li>\n\n\n\n<li>suchy skafander -100,-<\/li>\n\n\n\n<li>ABC-30z\u0142 nurkowanie<\/li>\n\n\n\n<li>wynajem sprz\u0119tu; kamizelka BCD (Jacket), automat -40z\u0142\/nurkowanie<\/li>\n\n\n\n<li>wynajem komputera nurkowego \u2013 50z\u0142\/nurkowanie<\/li>\n\n\n\n<li>wynajem butli 30 z\u0142 za sztuk\u0119 wraz z us\u0142ug\u0105 nape\u0142niania 3 z\u0142 za litr,<\/li>\n\n\n\n<li>wynajem kompletu sprz\u0119tu (skafander, ABC, BCD, automat, butla)- 100z\u0142\/nurkowanie<\/li>\n<\/ul>\n\n\n\n<p>Indywidualnie mo\u017cliwo\u015b\u0107 ustalenia: us\u0142uga sprz\u0105tania bazy, dostawa cateringu, promocja firmy na bazie, obs\u0142uga VIP, korzystanie ze sprz\u0119tu wodnego (rowerki, \u0142\u00f3dki,&nbsp;SUP&nbsp;itd.)<\/p>\n","protected":false},"excerpt":{"rendered":"<p>Od roku 2020 Stowarzyszenie Krok po kroku HSA prowadzi zaj\u0119cia na nowej i wyj\u0105tkowej p\u0142ywaj\u0105cej Bazie Rehabilitacji Nurkowej na jeziorze P\u0142otki (P\u0142ocie) w Pile. G\u0142\u00f3wnym celem tego wyj\u0105tkowego miejsca jest oczywi\u015bcie rehabilitacja spo\u0142eczna i ruchowa poprzez nurkowanie os\u00f3b z r\u00f3\u017cnymi niepe\u0142nosprawno\u015bciami. Prowadzi ona do przywr\u00f3cenia nadziei i rado\u015bci w \u017cyciu, do nowego zdefiniowania os\u00f3b z [&hellip;]<\/p>\n","protected":false},"author":1,"featured_media":0,"parent":0,"menu_order":0,"comment_status":"closed","ping_status":"closed","template":"","meta":{"footnotes":""},"class_list":["post-61","page","type-page","status-publish","hentry"],"_links":{"self":[{"href":"https:\/\/krokpokrokuhsa.pl\/index.php?rest_route=\/wp\/v2\/pages\/61","targetHints":{"allow":["GET"]}}],"collection":[{"href":"https:\/\/krokpokrokuhsa.pl\/index.php?rest_route=\/wp\/v2\/pages"}],"about":[{"href":"https:\/\/krokpokrokuhsa.pl\/index.php?rest_route=\/wp\/v2\/types\/page"}],"author":[{"embeddable":true,"href":"https:\/\/krokpokrokuhsa.pl\/index.php?rest_route=\/wp\/v2\/users\/1"}],"replies":[{"embeddable":true,"href":"https:\/\/krokpokrokuhsa.pl\/index.php?rest_route=%2Fwp%2Fv2%2Fcomments&post=61"}],"version-history":[{"count":8,"href":"https:\/\/krokpokrokuhsa.pl\/index.php?rest_route=\/wp\/v2\/pages\/61\/revisions"}],"predecessor-version":[{"id":200,"href":"https:\/\/krokpokrokuhsa.pl\/index.php?rest_route=\/wp\/v2\/pages\/61\/revisions\/200"}],"wp:attachment":[{"href":"https:\/\/krokpokrokuhsa.pl\/index.php?rest_route=%2Fwp%2Fv2%2Fmedia&parent=61"}],"curies":[{"name":"wp","href":"https:\/\/api.w.org\/{rel}","templated":true}]}}