{"id":7,"date":"2020-04-26T16:00:11","date_gmt":"2020-04-26T16:00:11","guid":{"rendered":"https:\/\/krokpokrokuhsa.pl\/?page_id=6"},"modified":"2023-03-18T22:59:13","modified_gmt":"2023-03-18T22:59:13","slug":"the-new-umoma-opens-its-doors-2","status":"publish","type":"page","link":"https:\/\/krokpokrokuhsa.pl\/","title":{"rendered":"Witamy w \u015bwiecie nurkowania"},"content":{"rendered":"\n<div class=\"wp-block-group alignwide\"><div class=\"wp-block-group__inner-container is-layout-flow wp-block-group-is-layout-flow\">\n<p align=\"justify\">Stowarzyszenie Krok po kroku HSA (handicapped scuba association) od 5 lat dzia\u0142amy na rzecz os\u00f3b z niepe\u0142nosprawno\u015bciami i ich rodzin. Opracowali\u015bmy standardy rehabilitacji spo\u0142ecznej i ruchowej poprzez uprawianie sportu ekstremalnego. Doznania zwi\u0105zane z nurkowaniem, sportem niedost\u0119pnym dla wi\u0119kszo\u015bci pe\u0142nosprawnych os\u00f3b zapewniaj\u0105 poczucie wyj\u0105tkowo\u015bci i daj\u0105 szans\u0119 na przemian\u0119 \u017cycia.<\/p>\n<\/div><\/div>\n\n\n\n<div class=\"wp-block-columns alignwide is-layout-flex wp-container-core-columns-is-layout-1 wp-block-columns-is-layout-flex\">\n<div class=\"wp-block-column is-layout-flow wp-block-column-is-layout-flow\">\n<div class=\"wp-block-group\"><div class=\"wp-block-group__inner-container is-layout-flow wp-block-group-is-layout-flow\">\n<figure class=\"wp-block-image alignfull size-large is-style-rounded\"><a href=\"https:\/\/krokpokrokuhsa.pl\/?page_id=10\"><img decoding=\"async\" src=\"https:\/\/krokpokrokuhsa.pl\/wp-content\/uploads\/2020\/04\/glowna-1-1.jpg\" alt=\"\" class=\"wp-image-73\"\/><\/a><\/figure>\n\n\n\n<h4 class=\"wp-block-heading\">Przeczytaj aktualno\u015bci<\/h4>\n\n\n\n<div class=\"wp-block-button is-style-outline is-style-outline--1\"><a class=\"wp-block-button__link wp-element-button\" href=\"https:\/\/krokpokrokuhsa.pl\/?page_id=10\">Czytaj wi\u0119cej<\/a><\/div>\n<\/div><\/div>\n\n\n\n<div class=\"wp-block-group\"><div class=\"wp-block-group__inner-container is-layout-flow wp-block-group-is-layout-flow\">\n<figure class=\"wp-block-image alignfull size-large is-style-rounded\"><a href=\"https:\/\/krokpokrokuhsa.pl\/?page_id=8\"><img decoding=\"async\" src=\"https:\/\/krokpokrokuhsa.pl\/wp-content\/uploads\/2020\/04\/glowna-3.jpg\" alt=\"\" class=\"wp-image-76\"\/><\/a><\/figure>\n\n\n\n<h4 class=\"wp-block-heading\">Jed\u017a z nami na wyjazd nurkowy !<\/h4>\n\n\n\n<div class=\"wp-block-button is-style-outline is-style-outline--2\"><a class=\"wp-block-button__link wp-element-button\" href=\"https:\/\/krokpokrokuhsa.pl\/?page_id=8\">czytaj wi\u0119cej<\/a><\/div>\n<\/div><\/div>\n<\/div>\n\n\n\n<div class=\"wp-block-column is-layout-flow wp-block-column-is-layout-flow\">\n<div class=\"wp-block-group\"><div class=\"wp-block-group__inner-container is-layout-flow wp-block-group-is-layout-flow\">\n<figure class=\"wp-block-image alignfull size-large is-style-rounded\"><a href=\"https:\/\/krokpokrokuhsa.pl\/?page_id=61\"><img decoding=\"async\" src=\"https:\/\/krokpokrokuhsa.pl\/wp-content\/uploads\/2020\/04\/baza-2.jpg\" alt=\"\" class=\"wp-image-64\"\/><\/a><\/figure>\n\n\n\n<h4 class=\"wp-block-heading\">P\u0142ywaj\u0105ca Baza Nurkowa i Rehabilitacyjna<\/h4>\n\n\n\n<div class=\"wp-block-button is-style-outline is-style-outline--3\"><a class=\"wp-block-button__link wp-element-button\" href=\"https:\/\/krokpokrokuhsa.pl\/?page_id=61\">czytaj wi\u0119cej<\/a><\/div>\n<\/div><\/div>\n\n\n\n<div class=\"wp-block-group\"><div class=\"wp-block-group__inner-container is-layout-flow wp-block-group-is-layout-flow\"><\/div><\/div>\n<\/div>\n<\/div>\n\n\n\n<p><\/p>\n\n\n\n<div class=\"wp-block-group alignwide has-background\" style=\"background-color:#ffffff\"><div class=\"wp-block-group__inner-container is-layout-flow wp-block-group-is-layout-flow\">\n<div class=\"wp-block-group\"><div class=\"wp-block-group__inner-container is-layout-flow wp-block-group-is-layout-flow\">\n<h2 class=\"has-text-align-center wp-block-heading\">Nie czekaj tylko do\u0142\u0105cz do nas!<\/h2>\n\n\n\n<div class=\"wp-block-button aligncenter\"><a class=\"wp-block-button__link wp-element-button\" href=\"https:\/\/krokpokrokuhsa.pl\/?page_id=9\">SKONTAKTUJ SI\u0118 Z NAMI<\/a><\/div>\n<\/div><\/div>\n<\/div><\/div>\n","protected":false},"excerpt":{"rendered":"<p>Stowarzyszenie Krok po kroku HSA (handicapped scuba association) od 5 lat dzia\u0142amy na rzecz os\u00f3b z niepe\u0142nosprawno\u015bciami i ich rodzin. Opracowali\u015bmy standardy rehabilitacji spo\u0142ecznej i ruchowej poprzez uprawianie sportu ekstremalnego. Doznania zwi\u0105zane z nurkowaniem, sportem niedost\u0119pnym dla wi\u0119kszo\u015bci pe\u0142nosprawnych os\u00f3b zapewniaj\u0105 poczucie wyj\u0105tkowo\u015bci i daj\u0105 szans\u0119 na przemian\u0119 \u017cycia. Przeczytaj aktualno\u015bci Jed\u017a z nami na [&hellip;]<\/p>\n","protected":false},"author":1,"featured_media":0,"parent":0,"menu_order":0,"comment_status":"closed","ping_status":"closed","template":"","meta":{"footnotes":""},"class_list":["post-7","page","type-page","status-publish","hentry"],"_links":{"self":[{"href":"https:\/\/krokpokrokuhsa.pl\/index.php?rest_route=\/wp\/v2\/pages\/7","targetHints":{"allow":["GET"]}}],"collection":[{"href":"https:\/\/krokpokrokuhsa.pl\/index.php?rest_route=\/wp\/v2\/pages"}],"about":[{"href":"https:\/\/krokpokrokuhsa.pl\/index.php?rest_route=\/wp\/v2\/types\/page"}],"author":[{"embeddable":true,"href":"https:\/\/krokpokrokuhsa.pl\/index.php?rest_route=\/wp\/v2\/users\/1"}],"replies":[{"embeddable":true,"href":"https:\/\/krokpokrokuhsa.pl\/index.php?rest_route=%2Fwp%2Fv2%2Fcomments&post=7"}],"version-history":[{"count":5,"href":"https:\/\/krokpokrokuhsa.pl\/index.php?rest_route=\/wp\/v2\/pages\/7\/revisions"}],"predecessor-version":[{"id":95,"href":"https:\/\/krokpokrokuhsa.pl\/index.php?rest_route=\/wp\/v2\/pages\/7\/revisions\/95"}],"wp:attachment":[{"href":"https:\/\/krokpokrokuhsa.pl\/index.php?rest_route=%2Fwp%2Fv2%2Fmedia&parent=7"}],"curies":[{"name":"wp","href":"https:\/\/api.w.org\/{rel}","templated":true}]}}